{"id":15017,"date":"2023-07-28T13:17:05","date_gmt":"2023-07-28T11:17:05","guid":{"rendered":"https:\/\/www.nylsofficial.com\/?page_id=15017"},"modified":"2023-09-02T16:03:18","modified_gmt":"2023-09-02T14:03:18","slug":"28jul23","status":"publish","type":"page","link":"https:\/\/www.nylsofficial.com\/en\/news\/28jul23\/","title":{"rendered":"News"},"content":{"rendered":"<table style=\"border-collapse: collapse; width: 100%;\">\r\n<tbody>\r\n<tr>\r\n<td style=\"width: 100%; background-color: #4682b4; text-align: center;\"><span style=\"color: #ffffff; font-size: 12pt;\"><strong>\u00ab\u00a0JUST LOVE\u00a0\u00bb \u2013 NEW SINGLE <\/strong><\/span><\/td>\r\n<\/tr>\r\n<\/tbody>\r\n<\/table>\r\n<table style=\"border-collapse: collapse; width: 100%;\">\r\n<tbody>\r\n<tr>\r\n<td style=\"width: 50%;\"><img decoding=\"async\" src=\"https:\/\/www.nylsofficial.com\/wp-content\/uploads\/album-echoesexpanded.jpg\" alt=\"\" \/><\/td>\r\n<td style=\"width: 50%;\"><img decoding=\"async\" src=\"https:\/\/www.nylsofficial.com\/wp-content\/uploads\/news28jul23.jpg\" alt=\"\" \/><\/td>\r\n<\/tr>\r\n<tr>\r\n<td style=\"width: 50%;\" colspan=\"2\">\r\n<p><span style=\"text-decoration: underline;\"><strong>27.07.2023<\/strong><\/span><\/p>\r\n<p>After the surprise and magical duet between Ysa Ferrer and Nyls on \u201cLet You Go\u201d, which managed to conquer several European charts (n\u00b06 iTunes France, n\u00b010 iTunes Belgium and n\u00b016 iTunes Austria!)<\/p>\r\n<p>Nyls finally returns this Friday, September 8 with \u201cJust Love\u201d, taken from the reissue of his latest album \u201cEchoes of Blue\u201d acclaimed by critics and his public.<\/p>\r\n<p>With its current electronic and dance sounds, \"Just Love\" is perfectly calibrated for this summer's dancefloors! It will be released with the title \"Tonight\", and their instrumental versions will also be available.<\/p>\r\n<p><span style=\"text-decoration: underline;\"><strong>SHARE:<\/strong><\/span> \n<div class=\"juiz_sps_links  counters_both juiz_sps_displayed_nowhere\" data-post-id=\"15017\">\n<p class=\"screen-reader-text juiz_sps_maybe_hidden_text\">Share the post \"News\"<\/p>\n\n\t<ul class=\"juiz_sps_links_list\" onclick=\"void(0);\"><li class=\"juiz_sps_item juiz_sps_link_facebook\"><a href=\"https:\/\/www.facebook.com\/sharer.php?u=https%3A%2F%2Fwww.nylsofficial.com%2Fen%2Fwp-json%2Fwp%2Fv2%2Fpages%2F15017\" rel=\"nofollow\"  target=\"_blank\"  title=\"Share this article on Facebook\" class=\"juiz_sps_button\" data-nobs-key=\"facebook\"><span class=\"juiz_sps_icon jsps-facebook\"><\/span><span class=\"juiz_sps_network_name\">Facebook<\/span><\/a><\/li><li class=\"juiz_sps_item juiz_sps_link_twitter\"><a href=\"https:\/\/x.com\/intent\/tweet?source=webclient&#038;original_referer=https%3A%2F%2Fwww.nylsofficial.com%2Fen%2Fwp-json%2Fwp%2Fv2%2Fpages%2F15017&#038;text=News&#038;url=https%3A%2F%2Fwww.nylsofficial.com%2Fen%2Fwp-json%2Fwp%2Fv2%2Fpages%2F15017&#038;related=nylsmusic&#038;via=nylsmusic\" rel=\"nofollow\"  target=\"_blank\"  title=\"Share this article on X\" class=\"juiz_sps_button\" data-nobs-key=\"twitter\"><span class=\"juiz_sps_icon jsps-twitter\"><\/span><span class=\"juiz_sps_network_name\">X<\/span><\/a><\/li><li class=\"juiz_sps_item juiz_sps_link_pinterest\"><a href=\"\" rel=\"nofollow\"  target=\"_blank\"  title=\"Share an image of this article on Pinterest\" class=\"juiz_sps_button\" data-nobs-key=\"pinterest\"><span class=\"juiz_sps_icon jsps-pinterest\"><\/span><span class=\"juiz_sps_network_name\">Pinterest<\/span><\/a><\/li><li class=\"juiz_sps_item juiz_sps_link_tumblr\"><a href=\"https:\/\/www.tumblr.com\/widgets\/share\/tool?canonicalUrl=https%3A%2F%2Fwww.nylsofficial.com%2Fen%2Fwp-json%2Fwp%2Fv2%2Fpages%2F15017\" rel=\"nofollow\"  target=\"_blank\"  title=\"Share this article on Tumblr\" class=\"juiz_sps_button\" data-nobs-key=\"tumblr\"><span class=\"juiz_sps_icon jsps-tumblr\"><\/span><span class=\"juiz_sps_network_name\">Tumblr<\/span><\/a><\/li><\/ul>\n\t<\/div>\n\n<\/p>\r\n<\/td>\r\n<\/tr>\r\n<\/tbody>\r\n<\/table>\r\n<table style=\"border-collapse: collapse; width: 100%;\">\r\n<tbody>\r\n<tr>\r\n<td style=\"width: 3,5;\">\u00a0<\/td>\r\n<td style=\"width: 93%; background-color: #4682b4; text-align: center;\"><span style=\"color: #ffffff; font-size: 12pt;\"><strong>MORE NEWS<\/strong><\/span><\/td>\r\n<td style=\"width: 3,5;\">\u00a0<\/td>\r\n<\/tr>\r\n<\/tbody>\r\n<\/table>\r\n\r\n<div class=\"wp-block-columns is-layout-flex wp-container-core-columns-is-layout-9d6595d7 wp-block-columns-is-layout-flex\">\r\n<div class=\"wp-block-column is-layout-flow wp-block-column-is-layout-flow\"><table style=\"border-collapse: collapse; width: 100%;\">\r\n<tbody>\r\n<tr>\r\n<td style=\"width: 100%;\"><a href=\"https:\/\/www.nylsofficial.com\/en\/news\/06aug21\/\"><img loading=\"lazy\" decoding=\"async\" src=\"https:\/\/www.nylsofficial.com\/wp-content\/uploads\/single-cdr2.jpg\" alt=\"\" width=\"500\" height=\"500\" \/><\/a>\r\n<span style=\"text-decoration: underline;\"><strong>06.08.2021<\/strong><\/span><br>\r\n<span style=\"text-decoration: underline;\"><a href=\"https:\/\/www.nylsofficial.com\/en\/news\/06aug21\/\"><strong>\u00abCALIFORNIA DREAMS\u00bb EP REMIXES PART.2<\/strong><\/a><\/span><\/td>\r\n<\/tr>\r\n<\/tbody>\r\n<\/table>\n<\/div>\r\n\r\n\r\n\r\n<div class=\"wp-block-column is-layout-flow wp-block-column-is-layout-flow\"><table style=\"border-collapse: collapse; width: 100%;\">\n<tbody>\n<tr>\n<td style=\"width: 100%;\"><a href=\"https:\/\/www.nylsofficial.com\/en\/news\/24jun22\/\"><img loading=\"lazy\" decoding=\"async\" src=\"https:\/\/www.nylsofficial.com\/wp-content\/uploads\/single-im2.jpg\" alt=\"\" width=\"500\" height=\"500\" \/><\/a><br \/>\n<span style=\"text-decoration: underline;\"><strong>24.06.2022<\/strong><\/span><br \/>\n<span style=\"text-decoration: underline;\"><a href=\"https:\/\/www.nylsofficial.com\/en\/news\/24jun22\/\"><strong>\u00abIGNORE ME\u00bb MUSIC VIDEO \/ EP REMIXES<\/strong><\/a><\/span><\/td>\n<\/tr>\n<\/tbody>\n<\/table>\n\n<\/div>\r\n\r\n\r\n\r\n<div class=\"wp-block-column is-layout-flow wp-block-column-is-layout-flow\"><table style=\"border-collapse: collapse; width: 100%;\">\n<tbody>\n<tr>\n<td style=\"width: 100%;\"><a href=\"https:\/\/www.nylsofficial.com\/en\/news\/17feb23\/\"><img loading=\"lazy\" decoding=\"async\" src=\"https:\/\/www.nylsofficial.com\/wp-content\/uploads\/album-echoesexpanded.jpg\" alt=\"\" width=\"500\" height=\"500\" \/><\/a><br \/>\n<span style=\"text-decoration: underline;\"><strong>17.02.2023<\/strong><\/span><br \/>\n<span style=\"text-decoration: underline;\"><a href=\"https:\/\/www.nylsofficial.com\/en\/news\/17feb23\/\"><strong>\u00abECHOES OF BLUE - EXPANDED EDITION\u00bb<\/strong><\/a><\/span><\/td>\n<\/tr>\n<\/tbody>\n<\/table>\n\n<\/div>\r\n<\/div>","protected":false},"excerpt":{"rendered":"<p>\u00ab\u00a0JUST LOVE\u00a0\u00bb &#8211; NOUVEAU SINGLE 27.07.2023 Apr\u00e8s le duo surprise et magique entre Ysa Ferrer et Nyls sur \u201cLet You Go\u201d, qui r\u00e9ussi \u00e0 conqu\u00e9rir plusieurs charts europ\u00e9ens (n\u00b06 iTunes France, n\u00b010 iTunes Belgique et n\u00b016 iTunes Autriche !) Nyls revient enfin ce vendredi 8 Septembre avec \u201cJust Love\u201d, extrait de la r\u00e9edition de son&hellip; <br \/> <a class=\"read-more\" href=\"https:\/\/www.nylsofficial.com\/en\/endo_wrc_cpt\/news15\/\">Read more<\/a><\/p>","protected":false},"author":1,"featured_media":0,"parent":12532,"menu_order":0,"comment_status":"closed","ping_status":"closed","template":"page-templates\/page-with-right-sidebar.php","meta":{"footnotes":""},"class_list":["post-15017","page","type-page","status-publish","hentry"],"yoast_head":"<!-- This site is optimized with the Yoast SEO plugin v27.3 - https:\/\/yoast.com\/product\/yoast-seo-wordpress\/ -->\n<title>NYLS OFFICIAL WEBSITE - NEWS<\/title>\n<meta name=\"description\" content=\"The Official Website of electropop artist Nyls. New album &quot;Echoes Of Blue - Expanded Edition&quot; available now!\" \/>\n<meta name=\"robots\" content=\"index, follow, max-snippet:-1, max-image-preview:large, max-video-preview:-1\" \/>\n<link rel=\"canonical\" href=\"https:\/\/www.nylsofficial.com\/en\/news\/28jul23\/\" \/>\n<meta property=\"og:locale\" content=\"en_GB\" \/>\n<meta property=\"og:type\" content=\"article\" \/>\n<meta property=\"og:title\" content=\"NYLS OFFICIAL WEBSITE - NEWS\" \/>\n<meta property=\"og:description\" content=\"The Official Website of electropop artist Nyls. New album &quot;Echoes Of Blue - Expanded Edition&quot; available now!\" \/>\n<meta property=\"og:url\" content=\"https:\/\/www.nylsofficial.com\/en\/news\/28jul23\/\" \/>\n<meta property=\"og:site_name\" content=\"NYLS OFFICIAL WEBSITE\" \/>\n<meta property=\"article:modified_time\" content=\"2023-09-02T14:03:18+00:00\" \/>\n<meta property=\"og:image\" content=\"https:\/\/www.nylsofficial.com\/wp-content\/uploads\/album-echoesexpanded.jpg\" \/>\n<meta name=\"twitter:card\" content=\"summary_large_image\" \/>\n<meta name=\"twitter:label1\" content=\"Estimated reading time\" \/>\n\t<meta name=\"twitter:data1\" content=\"1 minute\" \/>\n<script type=\"application\/ld+json\" class=\"yoast-schema-graph\">{\"@context\":\"https:\\\/\\\/schema.org\",\"@graph\":[{\"@type\":\"WebPage\",\"@id\":\"https:\\\/\\\/www.nylsofficial.com\\\/news\\\/28jul23\\\/\",\"url\":\"https:\\\/\\\/www.nylsofficial.com\\\/news\\\/28jul23\\\/\",\"name\":\"NYLS OFFICIAL WEBSITE - NEWS\",\"isPartOf\":{\"@id\":\"https:\\\/\\\/www.nylsofficial.com\\\/#website\"},\"primaryImageOfPage\":{\"@id\":\"https:\\\/\\\/www.nylsofficial.com\\\/news\\\/28jul23\\\/#primaryimage\"},\"image\":{\"@id\":\"https:\\\/\\\/www.nylsofficial.com\\\/news\\\/28jul23\\\/#primaryimage\"},\"thumbnailUrl\":\"https:\\\/\\\/www.nylsofficial.com\\\/wp-content\\\/uploads\\\/album-echoesexpanded.jpg\",\"datePublished\":\"2023-07-28T11:17:05+00:00\",\"dateModified\":\"2023-09-02T14:03:18+00:00\",\"description\":\"The Official Website of electropop artist Nyls. New album \\\"Echoes Of Blue - Expanded Edition\\\" available now!\",\"breadcrumb\":{\"@id\":\"https:\\\/\\\/www.nylsofficial.com\\\/news\\\/28jul23\\\/#breadcrumb\"},\"inLanguage\":\"en-GB\",\"potentialAction\":[{\"@type\":\"ReadAction\",\"target\":[\"https:\\\/\\\/www.nylsofficial.com\\\/news\\\/28jul23\\\/\"]}]},{\"@type\":\"ImageObject\",\"inLanguage\":\"en-GB\",\"@id\":\"https:\\\/\\\/www.nylsofficial.com\\\/news\\\/28jul23\\\/#primaryimage\",\"url\":\"https:\\\/\\\/www.nylsofficial.com\\\/wp-content\\\/uploads\\\/album-echoesexpanded.jpg\",\"contentUrl\":\"https:\\\/\\\/www.nylsofficial.com\\\/wp-content\\\/uploads\\\/album-echoesexpanded.jpg\"},{\"@type\":\"BreadcrumbList\",\"@id\":\"https:\\\/\\\/www.nylsofficial.com\\\/news\\\/28jul23\\\/#breadcrumb\",\"itemListElement\":[{\"@type\":\"ListItem\",\"position\":1,\"name\":\"Accueil\",\"item\":\"https:\\\/\\\/www.nylsofficial.com\\\/\"},{\"@type\":\"ListItem\",\"position\":2,\"name\":\"News\",\"item\":\"https:\\\/\\\/www.nylsofficial.com\\\/news\\\/\"},{\"@type\":\"ListItem\",\"position\":3,\"name\":\"News\"}]},{\"@type\":\"WebSite\",\"@id\":\"https:\\\/\\\/www.nylsofficial.com\\\/#website\",\"url\":\"https:\\\/\\\/www.nylsofficial.com\\\/\",\"name\":\"NYLS OFFICIAL WEBSITE\",\"description\":\"\",\"publisher\":{\"@id\":\"https:\\\/\\\/www.nylsofficial.com\\\/#\\\/schema\\\/person\\\/40d4b4e1c807222c2486455db40a7694\"},\"potentialAction\":[{\"@type\":\"SearchAction\",\"target\":{\"@type\":\"EntryPoint\",\"urlTemplate\":\"https:\\\/\\\/www.nylsofficial.com\\\/?s={search_term_string}\"},\"query-input\":{\"@type\":\"PropertyValueSpecification\",\"valueRequired\":true,\"valueName\":\"search_term_string\"}}],\"inLanguage\":\"en-GB\"},{\"@type\":[\"Person\",\"Organization\"],\"@id\":\"https:\\\/\\\/www.nylsofficial.com\\\/#\\\/schema\\\/person\\\/40d4b4e1c807222c2486455db40a7694\",\"name\":\"OFFICIAL WEBSITE\",\"image\":{\"@type\":\"ImageObject\",\"inLanguage\":\"en-GB\",\"@id\":\"https:\\\/\\\/secure.gravatar.com\\\/avatar\\\/073d2a81157d0805bb24f54986fde92db775bcc92825941ff283f056141998fe?s=96&d=mm&r=g\",\"url\":\"https:\\\/\\\/secure.gravatar.com\\\/avatar\\\/073d2a81157d0805bb24f54986fde92db775bcc92825941ff283f056141998fe?s=96&d=mm&r=g\",\"contentUrl\":\"https:\\\/\\\/secure.gravatar.com\\\/avatar\\\/073d2a81157d0805bb24f54986fde92db775bcc92825941ff283f056141998fe?s=96&d=mm&r=g\",\"caption\":\"OFFICIAL WEBSITE\"},\"logo\":{\"@id\":\"https:\\\/\\\/secure.gravatar.com\\\/avatar\\\/073d2a81157d0805bb24f54986fde92db775bcc92825941ff283f056141998fe?s=96&d=mm&r=g\"},\"sameAs\":[\"http:\\\/\\\/nylsofc.cluster031.hosting.ovh.net\"]}]}<\/script>\n<!-- \/ Yoast SEO plugin. -->","yoast_head_json":{"title":"NYLS OFFICIAL WEBSITE - NEWS","description":"The Official Website of electropop artist Nyls. New album \"Echoes Of Blue - Expanded Edition\" available now!","robots":{"index":"index","follow":"follow","max-snippet":"max-snippet:-1","max-image-preview":"max-image-preview:large","max-video-preview":"max-video-preview:-1"},"canonical":"https:\/\/www.nylsofficial.com\/en\/news\/28jul23\/","og_locale":"en_GB","og_type":"article","og_title":"NYLS OFFICIAL WEBSITE - NEWS","og_description":"The Official Website of electropop artist Nyls. New album \"Echoes Of Blue - Expanded Edition\" available now!","og_url":"https:\/\/www.nylsofficial.com\/en\/news\/28jul23\/","og_site_name":"NYLS OFFICIAL WEBSITE","article_modified_time":"2023-09-02T14:03:18+00:00","og_image":[{"url":"https:\/\/www.nylsofficial.com\/wp-content\/uploads\/album-echoesexpanded.jpg","type":"","width":"","height":""}],"twitter_card":"summary_large_image","twitter_misc":{"Estimated reading time":"1 minute"},"schema":{"@context":"https:\/\/schema.org","@graph":[{"@type":"WebPage","@id":"https:\/\/www.nylsofficial.com\/news\/28jul23\/","url":"https:\/\/www.nylsofficial.com\/news\/28jul23\/","name":"NYLS OFFICIAL WEBSITE - NEWS","isPartOf":{"@id":"https:\/\/www.nylsofficial.com\/#website"},"primaryImageOfPage":{"@id":"https:\/\/www.nylsofficial.com\/news\/28jul23\/#primaryimage"},"image":{"@id":"https:\/\/www.nylsofficial.com\/news\/28jul23\/#primaryimage"},"thumbnailUrl":"https:\/\/www.nylsofficial.com\/wp-content\/uploads\/album-echoesexpanded.jpg","datePublished":"2023-07-28T11:17:05+00:00","dateModified":"2023-09-02T14:03:18+00:00","description":"The Official Website of electropop artist Nyls. New album \"Echoes Of Blue - Expanded Edition\" available now!","breadcrumb":{"@id":"https:\/\/www.nylsofficial.com\/news\/28jul23\/#breadcrumb"},"inLanguage":"en-GB","potentialAction":[{"@type":"ReadAction","target":["https:\/\/www.nylsofficial.com\/news\/28jul23\/"]}]},{"@type":"ImageObject","inLanguage":"en-GB","@id":"https:\/\/www.nylsofficial.com\/news\/28jul23\/#primaryimage","url":"https:\/\/www.nylsofficial.com\/wp-content\/uploads\/album-echoesexpanded.jpg","contentUrl":"https:\/\/www.nylsofficial.com\/wp-content\/uploads\/album-echoesexpanded.jpg"},{"@type":"BreadcrumbList","@id":"https:\/\/www.nylsofficial.com\/news\/28jul23\/#breadcrumb","itemListElement":[{"@type":"ListItem","position":1,"name":"Accueil","item":"https:\/\/www.nylsofficial.com\/"},{"@type":"ListItem","position":2,"name":"News","item":"https:\/\/www.nylsofficial.com\/news\/"},{"@type":"ListItem","position":3,"name":"News"}]},{"@type":"WebSite","@id":"https:\/\/www.nylsofficial.com\/#website","url":"https:\/\/www.nylsofficial.com\/","name":"NYLS OFFICIAL WEBSITE","description":"","publisher":{"@id":"https:\/\/www.nylsofficial.com\/#\/schema\/person\/40d4b4e1c807222c2486455db40a7694"},"potentialAction":[{"@type":"SearchAction","target":{"@type":"EntryPoint","urlTemplate":"https:\/\/www.nylsofficial.com\/?s={search_term_string}"},"query-input":{"@type":"PropertyValueSpecification","valueRequired":true,"valueName":"search_term_string"}}],"inLanguage":"en-GB"},{"@type":["Person","Organization"],"@id":"https:\/\/www.nylsofficial.com\/#\/schema\/person\/40d4b4e1c807222c2486455db40a7694","name":"OFFICIAL WEBSITE","image":{"@type":"ImageObject","inLanguage":"en-GB","@id":"https:\/\/secure.gravatar.com\/avatar\/073d2a81157d0805bb24f54986fde92db775bcc92825941ff283f056141998fe?s=96&d=mm&r=g","url":"https:\/\/secure.gravatar.com\/avatar\/073d2a81157d0805bb24f54986fde92db775bcc92825941ff283f056141998fe?s=96&d=mm&r=g","contentUrl":"https:\/\/secure.gravatar.com\/avatar\/073d2a81157d0805bb24f54986fde92db775bcc92825941ff283f056141998fe?s=96&d=mm&r=g","caption":"OFFICIAL WEBSITE"},"logo":{"@id":"https:\/\/secure.gravatar.com\/avatar\/073d2a81157d0805bb24f54986fde92db775bcc92825941ff283f056141998fe?s=96&d=mm&r=g"},"sameAs":["http:\/\/nylsofc.cluster031.hosting.ovh.net"]}]}},"_links":{"self":[{"href":"https:\/\/www.nylsofficial.com\/en\/wp-json\/wp\/v2\/pages\/15017","targetHints":{"allow":["GET"]}}],"collection":[{"href":"https:\/\/www.nylsofficial.com\/en\/wp-json\/wp\/v2\/pages"}],"about":[{"href":"https:\/\/www.nylsofficial.com\/en\/wp-json\/wp\/v2\/types\/page"}],"author":[{"embeddable":true,"href":"https:\/\/www.nylsofficial.com\/en\/wp-json\/wp\/v2\/users\/1"}],"replies":[{"embeddable":true,"href":"https:\/\/www.nylsofficial.com\/en\/wp-json\/wp\/v2\/comments?post=15017"}],"version-history":[{"count":6,"href":"https:\/\/www.nylsofficial.com\/en\/wp-json\/wp\/v2\/pages\/15017\/revisions"}],"predecessor-version":[{"id":15337,"href":"https:\/\/www.nylsofficial.com\/en\/wp-json\/wp\/v2\/pages\/15017\/revisions\/15337"}],"up":[{"embeddable":true,"href":"https:\/\/www.nylsofficial.com\/en\/wp-json\/wp\/v2\/pages\/12532"}],"wp:attachment":[{"href":"https:\/\/www.nylsofficial.com\/en\/wp-json\/wp\/v2\/media?parent=15017"}],"curies":[{"name":"wp","href":"https:\/\/api.w.org\/{rel}","templated":true}]}}