{"id":14747,"date":"2023-06-21T01:23:46","date_gmt":"2023-06-20T23:23:46","guid":{"rendered":"https:\/\/www.nylsofficial.com\/?page_id=14747"},"modified":"2024-11-14T18:07:23","modified_gmt":"2024-11-14T17:07:23","slug":"18jun21","status":"publish","type":"page","link":"https:\/\/www.nylsofficial.com\/en\/news\/18jun21\/","title":{"rendered":"News"},"content":{"rendered":"<table style=\"border-collapse: collapse; width: 100%;\">\r\n<tbody>\r\n<tr>\r\n<td style=\"width: 100%; background-color: #4682b4; text-align: center;\"><span style=\"color: #ffffff; font-size: 12pt;\"><strong>\u00ab\u00a0ECHOES OF BLUE\u00a0\u00bb NEW ALBUM <\/strong><\/span><\/td>\r\n<\/tr>\r\n<\/tbody>\r\n<\/table>\r\n<table style=\"border-collapse: collapse; width: 100%;\">\r\n<tbody>\r\n<tr>\r\n<td style=\"width: 50%;\"><img decoding=\"async\" src=\"https:\/\/www.nylsofficial.com\/wp-content\/uploads\/album-eob.jpeg\" alt=\"\" \/><\/td>\r\n<td style=\"width: 50%;\"><img decoding=\"async\" src=\"https:\/\/www.nylsofficial.com\/wp-content\/uploads\/album-eob2.jpeg\" alt=\"\" \/><\/td>\r\n<\/tr>\r\n<tr>\r\n<td style=\"width: 50%;\" colspan=\"2\">\r\n<p><span style=\"text-decoration: underline;\"><strong>18.06.2021<\/strong><\/span><\/p>\r\n<p>\"Echoes Of Blue\", the new album from Nyls, is finally here!<\/p>\r\n<p>Immerse yourself in the summery, urban world of Nyls' 4th opus, featuring prestigious collaborations with Lamberjack, Lejon Lewis, Denis Happel and Ian Hanks.<\/p>\r\n<p>A sunny, sensual album, with heady, rhythmic melodies.<\/p>\r\n<p>Several formats and bundles are available on the store: blue Gatefold Splatter vinyl in metallic sleeve, transparent purple vinyl in metallic sleeve, metallic digipack CD including 6 previously unreleased versions, CD in crystal case and exclusive purple cassette!<\/p>\r\n<p><a href=\"https:\/\/nylsmusic.bandcamp.com\/merch\" target=\"_blank\" rel=\"noopener\">https:\/\/nylsmusic.bandcamp.com\/<\/a><\/p>\r\n<p><span style=\"text-decoration: underline;\"><strong>SHARE:<\/strong><\/span> \n<div class=\"juiz_sps_links  counters_both juiz_sps_displayed_nowhere\" data-post-id=\"14747\">\n<p class=\"screen-reader-text juiz_sps_maybe_hidden_text\">Share the post \"News\"<\/p>\n\n\t<ul class=\"juiz_sps_links_list\" onclick=\"void(0);\"><li class=\"juiz_sps_item juiz_sps_link_facebook\"><a href=\"https:\/\/www.facebook.com\/sharer.php?u=https%3A%2F%2Fwww.nylsofficial.com%2Fen%2Fwp-json%2Fwp%2Fv2%2Fpages%2F14747\" rel=\"nofollow\"  target=\"_blank\"  title=\"Share this article on Facebook\" class=\"juiz_sps_button\" data-nobs-key=\"facebook\"><span class=\"juiz_sps_icon jsps-facebook\"><\/span><span class=\"juiz_sps_network_name\">Facebook<\/span><\/a><\/li><li class=\"juiz_sps_item juiz_sps_link_twitter\"><a href=\"https:\/\/x.com\/intent\/tweet?source=webclient&#038;original_referer=https%3A%2F%2Fwww.nylsofficial.com%2Fen%2Fwp-json%2Fwp%2Fv2%2Fpages%2F14747&#038;text=News&#038;url=https%3A%2F%2Fwww.nylsofficial.com%2Fen%2Fwp-json%2Fwp%2Fv2%2Fpages%2F14747&#038;related=nylsmusic&#038;via=nylsmusic\" rel=\"nofollow\"  target=\"_blank\"  title=\"Share this article on X\" class=\"juiz_sps_button\" data-nobs-key=\"twitter\"><span class=\"juiz_sps_icon jsps-twitter\"><\/span><span class=\"juiz_sps_network_name\">X<\/span><\/a><\/li><li class=\"juiz_sps_item juiz_sps_link_pinterest\"><a href=\"\" rel=\"nofollow\"  target=\"_blank\"  title=\"Share an image of this article on Pinterest\" class=\"juiz_sps_button\" data-nobs-key=\"pinterest\"><span class=\"juiz_sps_icon jsps-pinterest\"><\/span><span class=\"juiz_sps_network_name\">Pinterest<\/span><\/a><\/li><li class=\"juiz_sps_item juiz_sps_link_tumblr\"><a href=\"https:\/\/www.tumblr.com\/widgets\/share\/tool?canonicalUrl=https%3A%2F%2Fwww.nylsofficial.com%2Fen%2Fwp-json%2Fwp%2Fv2%2Fpages%2F14747\" rel=\"nofollow\"  target=\"_blank\"  title=\"Share this article on Tumblr\" class=\"juiz_sps_button\" data-nobs-key=\"tumblr\"><span class=\"juiz_sps_icon jsps-tumblr\"><\/span><span class=\"juiz_sps_network_name\">Tumblr<\/span><\/a><\/li><\/ul>\n\t<\/div>\n\n<\/p>\r\n<\/td>\r\n<\/tr>\r\n<\/tbody>\r\n<\/table>\r\n<table style=\"border-collapse: collapse; width: 100%;\">\r\n<tbody>\r\n<tr>\r\n<td style=\"width: 3,5;\">\u00a0<\/td>\r\n<td style=\"width: 93%; background-color: #4682b4; text-align: center;\"><span style=\"color: #ffffff; font-size: 12pt;\"><strong>MORE NEWS<\/strong><\/span><\/td>\r\n<td style=\"width: 3,5;\">\u00a0<\/td>\r\n<\/tr>\r\n<\/tbody>\r\n<\/table>\r\n\r\n<div class=\"wp-block-columns is-layout-flex wp-container-core-columns-is-layout-9d6595d7 wp-block-columns-is-layout-flex\">\r\n<div class=\"wp-block-column is-layout-flow wp-block-column-is-layout-flow\"><table style=\"border-collapse: collapse; width: 100%;\">\r\n<tbody>\r\n<tr>\r\n<td style=\"width: 100%;\"><a href=\"https:\/\/www.nylsofficial.com\/en\/news\/14may21\/\"><img loading=\"lazy\" decoding=\"async\" src=\"https:\/\/www.nylsofficial.com\/wp-content\/uploads\/single-se3.jpg\" alt=\"\" width=\"500\" height=\"500\" \/><\/a>\r\n<span style=\"text-decoration: underline;\"><strong>14.05.2021<\/strong><\/span><br>\r\n<span style=\"text-decoration: underline;\"><a href=\"https:\/\/www.nylsofficial.com\/en\/news\/14may21\/\"><strong>\u00abSOMEBODY ELSE\u00bb MUSIC VIDEO<\/strong><\/a><\/span><\/td>\r\n<\/tr>\r\n<\/tbody>\r\n<\/table>\n<\/div>\r\n\r\n\r\n\r\n<div class=\"wp-block-column is-layout-flow wp-block-column-is-layout-flow\"><table style=\"border-collapse: collapse; width: 100%;\">\n<tbody>\n<tr>\n<td style=\"width: 100%;\"><a href=\"https:\/\/www.nylsofficial.com\/en\/news\/22oct21\/\"><img loading=\"lazy\" decoding=\"async\" src=\"https:\/\/www.nylsofficial.com\/wp-content\/uploads\/single-str2.jpg\" alt=\"\" width=\"500\" height=\"500\" \/><\/a><br \/>\n<span style=\"text-decoration: underline;\"><strong>22.10.2021<\/strong><\/span><br \/>\n<span style=\"text-decoration: underline;\"><a href=\"https:\/\/www.nylsofficial.com\/en\/news\/22oct21\/\"><strong>\u00abSUMMER TEARS\u00bb MUSIC VIDEO \/ EP REMIXES PART.2<\/strong><\/a><\/span><\/td>\n<\/tr>\n<\/tbody>\n<\/table>\n\n<\/div>\r\n\r\n\r\n\r\n<div class=\"wp-block-column is-layout-flow wp-block-column-is-layout-flow\"><table style=\"border-collapse: collapse; width: 100%;\">\n<tbody>\n<tr>\n<td style=\"width: 100%;\"><a href=\"https:\/\/www.nylsofficial.com\/en\/news\/29jul23\/\"><img loading=\"lazy\" decoding=\"async\" src=\"https:\/\/www.nylsofficial.com\/wp-content\/uploads\/backcatalogue2.jpg\" alt=\"\" width=\"500\" height=\"500\" \/><\/a><br \/>\n<span style=\"text-decoration: underline;\"><strong>29.07.2023<\/strong><\/span><br \/>\n<span style=\"text-decoration: underline;\"><a href=\"https:\/\/www.nylsofficial.com\/en\/news\/29jul23\/\"><strong>NYLS BACK CATALOGUE<\/strong><\/a><\/span><\/td>\n<\/tr>\n<\/tbody>\n<\/table>\n\n<\/div>\r\n<\/div>","protected":false},"excerpt":{"rendered":"<p>\u00ab\u00a0ECHOES OF BLUE\u00a0\u00bb NOUVEL ALBUM 18.06.2021 \u00ab\u00a0Echoes Of Blue\u00a0\u00bb le nouvel album de Nyls est enfin l\u00e0 ! Plongez dans l\u2019univers estival et urbain du 4\u00e8me opus de Nyls, qui signe ici des collaborations prestigieuses avec Lamberjack, Lejon Lewis, Denis Happel et Ian Hanks. Un album solaire, sensuel, aux m\u00e9lodies ent\u00eatantes et rythm\u00e9es. Plusieurs formats&hellip; <br \/> <a class=\"read-more\" href=\"https:\/\/www.nylsofficial.com\/en\/endo_wrc_cpt\/news-03\/\">Read more<\/a><\/p>","protected":false},"author":1,"featured_media":0,"parent":12532,"menu_order":0,"comment_status":"closed","ping_status":"closed","template":"page-templates\/page-with-right-sidebar.php","meta":{"footnotes":""},"class_list":["post-14747","page","type-page","status-publish","hentry"],"yoast_head":"<!-- This site is optimized with the Yoast SEO plugin v27.3 - https:\/\/yoast.com\/product\/yoast-seo-wordpress\/ -->\n<title>NYLS OFFICIAL WEBSITE - NEWS<\/title>\n<meta name=\"description\" content=\"The Official Website of electropop artist Nyls. New album &quot;Echoes Of Blue - Expanded Edition&quot; available now!\" \/>\n<meta name=\"robots\" content=\"index, follow, max-snippet:-1, max-image-preview:large, max-video-preview:-1\" \/>\n<link rel=\"canonical\" href=\"https:\/\/www.nylsofficial.com\/en\/news\/18jun21\/\" \/>\n<meta property=\"og:locale\" content=\"en_GB\" \/>\n<meta property=\"og:type\" content=\"article\" \/>\n<meta property=\"og:title\" content=\"NYLS OFFICIAL WEBSITE - NEWS\" \/>\n<meta property=\"og:description\" content=\"The Official Website of electropop artist Nyls. New album &quot;Echoes Of Blue - Expanded Edition&quot; available now!\" \/>\n<meta property=\"og:url\" content=\"https:\/\/www.nylsofficial.com\/en\/news\/18jun21\/\" \/>\n<meta property=\"og:site_name\" content=\"NYLS OFFICIAL WEBSITE\" \/>\n<meta property=\"article:modified_time\" content=\"2024-11-14T17:07:23+00:00\" \/>\n<meta property=\"og:image\" content=\"https:\/\/www.nylsofficial.com\/wp-content\/uploads\/album-eob.jpeg\" \/>\n<meta name=\"twitter:card\" content=\"summary_large_image\" \/>\n<meta name=\"twitter:label1\" content=\"Estimated reading time\" \/>\n\t<meta name=\"twitter:data1\" content=\"1 minute\" \/>\n<script type=\"application\/ld+json\" class=\"yoast-schema-graph\">{\"@context\":\"https:\\\/\\\/schema.org\",\"@graph\":[{\"@type\":\"WebPage\",\"@id\":\"https:\\\/\\\/www.nylsofficial.com\\\/news\\\/18jun21\\\/\",\"url\":\"https:\\\/\\\/www.nylsofficial.com\\\/news\\\/18jun21\\\/\",\"name\":\"NYLS OFFICIAL WEBSITE - NEWS\",\"isPartOf\":{\"@id\":\"https:\\\/\\\/www.nylsofficial.com\\\/#website\"},\"primaryImageOfPage\":{\"@id\":\"https:\\\/\\\/www.nylsofficial.com\\\/news\\\/18jun21\\\/#primaryimage\"},\"image\":{\"@id\":\"https:\\\/\\\/www.nylsofficial.com\\\/news\\\/18jun21\\\/#primaryimage\"},\"thumbnailUrl\":\"https:\\\/\\\/www.nylsofficial.com\\\/wp-content\\\/uploads\\\/album-eob.jpeg\",\"datePublished\":\"2023-06-20T23:23:46+00:00\",\"dateModified\":\"2024-11-14T17:07:23+00:00\",\"description\":\"The Official Website of electropop artist Nyls. New album \\\"Echoes Of Blue - Expanded Edition\\\" available now!\",\"breadcrumb\":{\"@id\":\"https:\\\/\\\/www.nylsofficial.com\\\/news\\\/18jun21\\\/#breadcrumb\"},\"inLanguage\":\"en-GB\",\"potentialAction\":[{\"@type\":\"ReadAction\",\"target\":[\"https:\\\/\\\/www.nylsofficial.com\\\/news\\\/18jun21\\\/\"]}]},{\"@type\":\"ImageObject\",\"inLanguage\":\"en-GB\",\"@id\":\"https:\\\/\\\/www.nylsofficial.com\\\/news\\\/18jun21\\\/#primaryimage\",\"url\":\"https:\\\/\\\/www.nylsofficial.com\\\/wp-content\\\/uploads\\\/album-eob.jpeg\",\"contentUrl\":\"https:\\\/\\\/www.nylsofficial.com\\\/wp-content\\\/uploads\\\/album-eob.jpeg\"},{\"@type\":\"BreadcrumbList\",\"@id\":\"https:\\\/\\\/www.nylsofficial.com\\\/news\\\/18jun21\\\/#breadcrumb\",\"itemListElement\":[{\"@type\":\"ListItem\",\"position\":1,\"name\":\"Accueil\",\"item\":\"https:\\\/\\\/www.nylsofficial.com\\\/\"},{\"@type\":\"ListItem\",\"position\":2,\"name\":\"News\",\"item\":\"https:\\\/\\\/www.nylsofficial.com\\\/news\\\/\"},{\"@type\":\"ListItem\",\"position\":3,\"name\":\"News\"}]},{\"@type\":\"WebSite\",\"@id\":\"https:\\\/\\\/www.nylsofficial.com\\\/#website\",\"url\":\"https:\\\/\\\/www.nylsofficial.com\\\/\",\"name\":\"NYLS OFFICIAL WEBSITE\",\"description\":\"\",\"publisher\":{\"@id\":\"https:\\\/\\\/www.nylsofficial.com\\\/#\\\/schema\\\/person\\\/40d4b4e1c807222c2486455db40a7694\"},\"potentialAction\":[{\"@type\":\"SearchAction\",\"target\":{\"@type\":\"EntryPoint\",\"urlTemplate\":\"https:\\\/\\\/www.nylsofficial.com\\\/?s={search_term_string}\"},\"query-input\":{\"@type\":\"PropertyValueSpecification\",\"valueRequired\":true,\"valueName\":\"search_term_string\"}}],\"inLanguage\":\"en-GB\"},{\"@type\":[\"Person\",\"Organization\"],\"@id\":\"https:\\\/\\\/www.nylsofficial.com\\\/#\\\/schema\\\/person\\\/40d4b4e1c807222c2486455db40a7694\",\"name\":\"OFFICIAL WEBSITE\",\"image\":{\"@type\":\"ImageObject\",\"inLanguage\":\"en-GB\",\"@id\":\"https:\\\/\\\/secure.gravatar.com\\\/avatar\\\/073d2a81157d0805bb24f54986fde92db775bcc92825941ff283f056141998fe?s=96&d=mm&r=g\",\"url\":\"https:\\\/\\\/secure.gravatar.com\\\/avatar\\\/073d2a81157d0805bb24f54986fde92db775bcc92825941ff283f056141998fe?s=96&d=mm&r=g\",\"contentUrl\":\"https:\\\/\\\/secure.gravatar.com\\\/avatar\\\/073d2a81157d0805bb24f54986fde92db775bcc92825941ff283f056141998fe?s=96&d=mm&r=g\",\"caption\":\"OFFICIAL WEBSITE\"},\"logo\":{\"@id\":\"https:\\\/\\\/secure.gravatar.com\\\/avatar\\\/073d2a81157d0805bb24f54986fde92db775bcc92825941ff283f056141998fe?s=96&d=mm&r=g\"},\"sameAs\":[\"http:\\\/\\\/nylsofc.cluster031.hosting.ovh.net\"]}]}<\/script>\n<!-- \/ Yoast SEO plugin. -->","yoast_head_json":{"title":"NYLS OFFICIAL WEBSITE - NEWS","description":"The Official Website of electropop artist Nyls. New album \"Echoes Of Blue - Expanded Edition\" available now!","robots":{"index":"index","follow":"follow","max-snippet":"max-snippet:-1","max-image-preview":"max-image-preview:large","max-video-preview":"max-video-preview:-1"},"canonical":"https:\/\/www.nylsofficial.com\/en\/news\/18jun21\/","og_locale":"en_GB","og_type":"article","og_title":"NYLS OFFICIAL WEBSITE - NEWS","og_description":"The Official Website of electropop artist Nyls. New album \"Echoes Of Blue - Expanded Edition\" available now!","og_url":"https:\/\/www.nylsofficial.com\/en\/news\/18jun21\/","og_site_name":"NYLS OFFICIAL WEBSITE","article_modified_time":"2024-11-14T17:07:23+00:00","og_image":[{"url":"https:\/\/www.nylsofficial.com\/wp-content\/uploads\/album-eob.jpeg","type":"","width":"","height":""}],"twitter_card":"summary_large_image","twitter_misc":{"Estimated reading time":"1 minute"},"schema":{"@context":"https:\/\/schema.org","@graph":[{"@type":"WebPage","@id":"https:\/\/www.nylsofficial.com\/news\/18jun21\/","url":"https:\/\/www.nylsofficial.com\/news\/18jun21\/","name":"NYLS OFFICIAL WEBSITE - NEWS","isPartOf":{"@id":"https:\/\/www.nylsofficial.com\/#website"},"primaryImageOfPage":{"@id":"https:\/\/www.nylsofficial.com\/news\/18jun21\/#primaryimage"},"image":{"@id":"https:\/\/www.nylsofficial.com\/news\/18jun21\/#primaryimage"},"thumbnailUrl":"https:\/\/www.nylsofficial.com\/wp-content\/uploads\/album-eob.jpeg","datePublished":"2023-06-20T23:23:46+00:00","dateModified":"2024-11-14T17:07:23+00:00","description":"The Official Website of electropop artist Nyls. New album \"Echoes Of Blue - Expanded Edition\" available now!","breadcrumb":{"@id":"https:\/\/www.nylsofficial.com\/news\/18jun21\/#breadcrumb"},"inLanguage":"en-GB","potentialAction":[{"@type":"ReadAction","target":["https:\/\/www.nylsofficial.com\/news\/18jun21\/"]}]},{"@type":"ImageObject","inLanguage":"en-GB","@id":"https:\/\/www.nylsofficial.com\/news\/18jun21\/#primaryimage","url":"https:\/\/www.nylsofficial.com\/wp-content\/uploads\/album-eob.jpeg","contentUrl":"https:\/\/www.nylsofficial.com\/wp-content\/uploads\/album-eob.jpeg"},{"@type":"BreadcrumbList","@id":"https:\/\/www.nylsofficial.com\/news\/18jun21\/#breadcrumb","itemListElement":[{"@type":"ListItem","position":1,"name":"Accueil","item":"https:\/\/www.nylsofficial.com\/"},{"@type":"ListItem","position":2,"name":"News","item":"https:\/\/www.nylsofficial.com\/news\/"},{"@type":"ListItem","position":3,"name":"News"}]},{"@type":"WebSite","@id":"https:\/\/www.nylsofficial.com\/#website","url":"https:\/\/www.nylsofficial.com\/","name":"NYLS OFFICIAL WEBSITE","description":"","publisher":{"@id":"https:\/\/www.nylsofficial.com\/#\/schema\/person\/40d4b4e1c807222c2486455db40a7694"},"potentialAction":[{"@type":"SearchAction","target":{"@type":"EntryPoint","urlTemplate":"https:\/\/www.nylsofficial.com\/?s={search_term_string}"},"query-input":{"@type":"PropertyValueSpecification","valueRequired":true,"valueName":"search_term_string"}}],"inLanguage":"en-GB"},{"@type":["Person","Organization"],"@id":"https:\/\/www.nylsofficial.com\/#\/schema\/person\/40d4b4e1c807222c2486455db40a7694","name":"OFFICIAL WEBSITE","image":{"@type":"ImageObject","inLanguage":"en-GB","@id":"https:\/\/secure.gravatar.com\/avatar\/073d2a81157d0805bb24f54986fde92db775bcc92825941ff283f056141998fe?s=96&d=mm&r=g","url":"https:\/\/secure.gravatar.com\/avatar\/073d2a81157d0805bb24f54986fde92db775bcc92825941ff283f056141998fe?s=96&d=mm&r=g","contentUrl":"https:\/\/secure.gravatar.com\/avatar\/073d2a81157d0805bb24f54986fde92db775bcc92825941ff283f056141998fe?s=96&d=mm&r=g","caption":"OFFICIAL WEBSITE"},"logo":{"@id":"https:\/\/secure.gravatar.com\/avatar\/073d2a81157d0805bb24f54986fde92db775bcc92825941ff283f056141998fe?s=96&d=mm&r=g"},"sameAs":["http:\/\/nylsofc.cluster031.hosting.ovh.net"]}]}},"_links":{"self":[{"href":"https:\/\/www.nylsofficial.com\/en\/wp-json\/wp\/v2\/pages\/14747","targetHints":{"allow":["GET"]}}],"collection":[{"href":"https:\/\/www.nylsofficial.com\/en\/wp-json\/wp\/v2\/pages"}],"about":[{"href":"https:\/\/www.nylsofficial.com\/en\/wp-json\/wp\/v2\/types\/page"}],"author":[{"embeddable":true,"href":"https:\/\/www.nylsofficial.com\/en\/wp-json\/wp\/v2\/users\/1"}],"replies":[{"embeddable":true,"href":"https:\/\/www.nylsofficial.com\/en\/wp-json\/wp\/v2\/comments?post=14747"}],"version-history":[{"count":5,"href":"https:\/\/www.nylsofficial.com\/en\/wp-json\/wp\/v2\/pages\/14747\/revisions"}],"predecessor-version":[{"id":15515,"href":"https:\/\/www.nylsofficial.com\/en\/wp-json\/wp\/v2\/pages\/14747\/revisions\/15515"}],"up":[{"embeddable":true,"href":"https:\/\/www.nylsofficial.com\/en\/wp-json\/wp\/v2\/pages\/12532"}],"wp:attachment":[{"href":"https:\/\/www.nylsofficial.com\/en\/wp-json\/wp\/v2\/media?parent=14747"}],"curies":[{"name":"wp","href":"https:\/\/api.w.org\/{rel}","templated":true}]}}